{"id":119773,"date":"2023-03-24T21:18:55","date_gmt":"2023-03-24T21:18:55","guid":{"rendered":"http:\/\/nectardesign.io\/?page_id=119773"},"modified":"2023-03-27T15:48:14","modified_gmt":"2023-03-27T15:48:14","slug":"bientot-disponible","status":"publish","type":"page","link":"https:\/\/nectardesign.io\/fr\/bientot-disponible\/","title":{"rendered":"Bientot Disponible"},"content":{"rendered":"<div class=\"wpb-content-wrapper\"><p>[vc_row unlock_row_content=\u00a0\u00bbyes\u00a0\u00bb row_height_percent=\u00a0\u00bb100&Prime; override_padding=\u00a0\u00bbyes\u00a0\u00bb h_padding=\u00a0\u00bb0&Prime; top_padding=\u00a0\u00bb0&Prime; bottom_padding=\u00a0\u00bb0&Prime; back_color=\u00a0\u00bbcolor-jevc\u00a0\u00bb overlay_alpha=\u00a0\u00bb50&Prime; equal_height=\u00a0\u00bbyes\u00a0\u00bb gutter_size=\u00a0\u00bb3&Prime; column_width_percent=\u00a0\u00bb100&Prime; shift_y=\u00a0\u00bb0&Prime; z_index=\u00a0\u00bb0&Prime; uncode_shortcode_id=\u00a0\u00bb177676&Prime; back_color_type=\u00a0\u00bbuncode-palette\u00a0\u00bb][vc_column column_width_percent=\u00a0\u00bb100&Prime; gutter_size=\u00a0\u00bb3&Prime; expand_height=\u00a0\u00bbyes\u00a0\u00bb style=\u00a0\u00bbdark\u00a0\u00bb overlay_alpha=\u00a0\u00bb50&Prime; shift_x=\u00a0\u00bb0&Prime; shift_y=\u00a0\u00bb0&Prime; z_index=\u00a0\u00bb0&Prime; medium_width=\u00a0\u00bb0&Prime; width=\u00a0\u00bb1\/1&Prime;][vc_row_inner row_inner_height_percent=\u00a0\u00bb0&Prime; back_color=\u00a0\u00bbcolor-jevc\u00a0\u00bb overlay_alpha=\u00a0\u00bb50&Prime; equal_height=\u00a0\u00bbyes\u00a0\u00bb gutter_size=\u00a0\u00bb0&Prime; shift_y=\u00a0\u00bb0&Prime; z_index=\u00a0\u00bb0&Prime; limit_content=\u00a0\u00bb\u00a0\u00bb uncode_shortcode_id=\u00a0\u00bb187183&Prime; back_color_type=\u00a0\u00bbuncode-palette\u00a0\u00bb][vc_column_inner column_width_use_pixel=\u00a0\u00bbyes\u00a0\u00bb position_vertical=\u00a0\u00bbmiddle\u00a0\u00bb gutter_size=\u00a0\u00bb3&Prime; override_padding=\u00a0\u00bbyes\u00a0\u00bb column_padding=\u00a0\u00bb3&Prime; back_color=\u00a0\u00bbcolor-jevc\u00a0\u00bb overlay_alpha=\u00a0\u00bb50&Prime; shift_x=\u00a0\u00bb0&Prime; shift_y=\u00a0\u00bb0&Prime; shift_y_down=\u00a0\u00bb0&Prime; z_index=\u00a0\u00bb0&Prime; medium_width=\u00a0\u00bb0&Prime; mobile_width=\u00a0\u00bb0&Prime; width=\u00a0\u00bb1\/2&Prime; column_width_pixel=\u00a0\u00bb460&Prime; uncode_shortcode_id=\u00a0\u00bb999736&Prime; back_color_type=\u00a0\u00bbuncode-palette\u00a0\u00bb][vc_custom_heading text_color=\u00a0\u00bbaccent\u00a0\u00bb heading_semantic=\u00a0\u00bbh6&Prime; text_size=\u00a0\u00bb\u00a0\u00bb text_transform=\u00a0\u00bbuppercase\u00a0\u00bb uncode_shortcode_id=\u00a0\u00bb926351&Prime; text_color_type=\u00a0\u00bbuncode-palette\u00a0\u00bb]NOUS SERONS BIENT\u00d4T L\u00c0 AVEC LA VERSION FRAN\u00c7AISE![\/vc_custom_heading][vc_custom_heading text_size=\u00a0\u00bb\u00a0\u00bb text_weight=\u00a0\u00bb600&Prime; sub_lead=\u00a0\u00bbyes\u00a0\u00bb text_uppercase=\u00a0\u00bb\u00a0\u00bb subheading=\u00a0\u00bbVous avez atterri dans une zone en cours d&rsquo;am\u00e9nagement de l&rsquo;univers de Nectar. <\/p>\n<p>La version fran\u00e7aise de notre site web est encore en pr\u00e9paration, retenue par des cr\u00e9atures du design.<\/p>\n<p>Pas de panique! Cliquez sur le lien ci-dessous pour retourner \u00e0 notre page d&rsquo;accueil et explorer le monde fascinant de la cr\u00e9ativit\u00e9 num\u00e9rique.\u00a0\u00bb uncode_shortcode_id=\u00a0\u00bb510361&Prime; text_color_type=\u00a0\u00bbuncode-solid\u00a0\u00bb text_color_solid=\u00a0\u00bb#ffffff\u00a0\u00bb el_class=\u00a0\u00bb404-sub-heading-color\u00a0\u00bb]Perdu dans l&rsquo;espace cr\u00e9atif de Nectar[\/vc_custom_heading][vc_progress_bar values=\u00a0\u00bb%5B%7B%22label%22%3A%22%C3%89tat%20d&rsquo;avancement%22%2C%22value%22%3A%2290%22%2C%22bar_color_type%22%3A%22uncode-palette%22%2C%22bar_color%22%3A%22accent%22%2C%22bar_color_solid%22%3A%22%23ff0000%22%2C%22back_color_type%22%3A%22uncode-palette%22%2C%22back_color_solid%22%3A%22%23ff0000%22%7D%5D\u00a0\u00bb bar_color=\u00a0\u00bbaccent\u00a0\u00bb units=\u00a0\u00bb%\u00a0\u00bb][vc_button button_color=\u00a0\u00bbaccent\u00a0\u00bb radius=\u00a0\u00bbbtn-circle\u00a0\u00bb border_width=\u00a0\u00bb0&Prime; link=\u00a0\u00bburl:http%3A%2F%2Fnectardesign.io%2F\u00a0\u00bb uncode_shortcode_id=\u00a0\u00bb944957&Prime; button_color_type=\u00a0\u00bbuncode-palette\u00a0\u00bb]D\u00e9collage vers l&rsquo;accueil[\/vc_button][\/vc_column_inner][vc_column_inner column_width_use_pixel=\u00a0\u00bbyes\u00a0\u00bb gutter_size=\u00a0\u00bb3&Prime; expand_height=\u00a0\u00bbyes\u00a0\u00bb back_color=\u00a0\u00bbcolor-wayh\u00a0\u00bb back_image=\u00a0\u00bb119758&Prime; overlay_alpha=\u00a0\u00bb50&Prime; shift_x=\u00a0\u00bb0&Prime; shift_y=\u00a0\u00bb0&Prime; shift_y_down=\u00a0\u00bb0&Prime; z_index=\u00a0\u00bb0&Prime; medium_width=\u00a0\u00bb0&Prime; mobile_width=\u00a0\u00bb0&Prime; width=\u00a0\u00bb1\/2&Prime; mobile_height=\u00a0\u00bb300&Prime; uncode_shortcode_id=\u00a0\u00bb589780&Prime; back_color_type=\u00a0\u00bbuncode-palette\u00a0\u00bb][\/vc_column_inner][\/vc_row_inner][\/vc_column][\/vc_row]<\/p>\n<\/div>","protected":false},"excerpt":{"rendered":"<p>[vc_row unlock_row_content=\u00a0\u00bbyes\u00a0\u00bb row_height_percent=\u00a0\u00bb100&Prime; override_padding=\u00a0\u00bbyes\u00a0\u00bb h_padding=\u00a0\u00bb0&Prime; top_padding=\u00a0\u00bb0&Prime; bottom_padding=\u00a0\u00bb0&Prime; back_color=\u00a0\u00bbcolor-jevc\u00a0\u00bb overlay_alpha=\u00a0\u00bb50&Prime; equal_height=\u00a0\u00bbyes\u00a0\u00bb gutter_size=\u00a0\u00bb3&Prime; column_width_percent=\u00a0\u00bb100&Prime; shift_y=\u00a0\u00bb0&Prime; z_index=\u00a0\u00bb0&Prime; uncode_shortcode_id=\u00a0\u00bb177676&Prime; back_color_type=\u00a0\u00bbuncode-palette\u00a0\u00bb][vc_column column_width_percent=\u00a0\u00bb100&Prime; gutter_size=\u00a0\u00bb3&Prime; expand_height=\u00a0\u00bbyes\u00a0\u00bb style=\u00a0\u00bbdark\u00a0\u00bb [&hellip;]<\/p>\n","protected":false},"author":1,"featured_media":0,"parent":0,"menu_order":0,"comment_status":"closed","ping_status":"closed","template":"","meta":{"content-type":"","footnotes":""},"class_list":["post-119773","page","type-page","status-publish","hentry"],"aioseo_notices":[],"_links":{"self":[{"href":"https:\/\/nectardesign.io\/fr\/wp-json\/wp\/v2\/pages\/119773","targetHints":{"allow":["GET"]}}],"collection":[{"href":"https:\/\/nectardesign.io\/fr\/wp-json\/wp\/v2\/pages"}],"about":[{"href":"https:\/\/nectardesign.io\/fr\/wp-json\/wp\/v2\/types\/page"}],"author":[{"embeddable":true,"href":"https:\/\/nectardesign.io\/fr\/wp-json\/wp\/v2\/users\/1"}],"replies":[{"embeddable":true,"href":"https:\/\/nectardesign.io\/fr\/wp-json\/wp\/v2\/comments?post=119773"}],"version-history":[{"count":0,"href":"https:\/\/nectardesign.io\/fr\/wp-json\/wp\/v2\/pages\/119773\/revisions"}],"wp:attachment":[{"href":"https:\/\/nectardesign.io\/fr\/wp-json\/wp\/v2\/media?parent=119773"}],"curies":[{"name":"wp","href":"https:\/\/api.w.org\/{rel}","templated":true}]}}