{"id":122090,"date":"2024-01-17T17:18:08","date_gmt":"2024-01-17T17:18:08","guid":{"rendered":"http:\/\/nectardesign.io\/nectar-portfolio-branding-website-design-showcase-2\/"},"modified":"2025-12-10T18:44:34","modified_gmt":"2025-12-10T18:44:34","slug":"work","status":"publish","type":"page","link":"https:\/\/nectardesign.io\/fr\/work\/","title":{"rendered":"Portefeuille Nectar | Vitrine de l\u2019image de marque et de la conception de sites Web"},"content":{"rendered":"<div class=\"wpb-content-wrapper\"><p>[vc_row row_height_percent=\u00a0\u00bb0&Prime; override_padding=\u00a0\u00bbyes\u00a0\u00bb h_padding=\u00a0\u00bb2&Prime; top_padding=\u00a0\u00bb7&Prime; bottom_padding=\u00a0\u00bb7&Prime; back_color=\u00a0\u00bbcolor-jevc\u00a0\u00bb overlay_alpha=\u00a0\u00bb0&Prime; gutter_size=\u00a0\u00bb3&Prime; column_width_percent=\u00a0\u00bb100&Prime; shift_y=\u00a0\u00bb0&Prime; z_index=\u00a0\u00bb0&Prime; uncode_shortcode_id=\u00a0\u00bb106231&Prime; back_color_type=\u00a0\u00bbuncode-palette\u00a0\u00bb][vc_column column_width_percent=\u00a0\u00bb100&Prime; position_vertical=\u00a0\u00bbmiddle\u00a0\u00bb align_horizontal=\u00a0\u00bbalign_center\u00a0\u00bb gutter_size=\u00a0\u00bb3&Prime; overlay_alpha=\u00a0\u00bb100&Prime; shift_x=\u00a0\u00bb0&Prime; shift_y=\u00a0\u00bb0&Prime; shift_y_down=\u00a0\u00bb0&Prime; z_index=\u00a0\u00bb0&Prime; medium_width=\u00a0\u00bb0&Prime; mobile_width=\u00a0\u00bb0&Prime; css_animation=\u00a0\u00bbalpha-anim\u00a0\u00bb animation_speed=\u00a0\u00bb1000&Prime; zoom_width=\u00a0\u00bb0&Prime; zoom_height=\u00a0\u00bb0&Prime; width=\u00a0\u00bb1\/1&Prime; uncode_shortcode_id=\u00a0\u00bb639970&Prime;][vc_custom_heading text_color=\u00a0\u00bbcolor-294249&Prime; heading_semantic=\u00a0\u00bbh1&Prime; text_size=\u00a0\u00bb\u00a0\u00bb text_weight=\u00a0\u00bb500&Prime; css_animation=\u00a0\u00bbalpha-anim\u00a0\u00bb animation_speed=\u00a0\u00bb1000&Prime; text_align=\u00a0\u00bbtext-center\u00a0\u00bb uncode_shortcode_id=\u00a0\u00bb810282&Prime; el_id=\u00a0\u00bbwork-header-title-custom\u00a0\u00bb text_color_type=\u00a0\u00bbuncode-palette\u00a0\u00bb]<span class=\"none-rotating-header-work-page\"><span style=\"color: #ffffff;\">Con\u00e7u avec soin <\/span><span class=\"split-word uncode-rotating-span uncode-rotating-text-start\" data-text=\"Site web personnalis\u00e9|Strat\u00e9gies Num\u00e9rique |Solutions sur mesure\" data-wait=\"2000\">&nbsp;<\/span><span class=\"split-word word1\"><span class=\"split-word-flow\"><span class=\"split-word-inner\"><span class=\"split-char char92\">S<\/span><span class=\"split-char char93\">o<\/span><span class=\"split-char char94\">l<\/span><span class=\"split-char char95\">u<\/span><span class=\"split-char char96\">t<\/span><span class=\"split-char char97\">i<\/span><span class=\"split-char char98\">o<\/span><span class=\"split-char char99\">n<\/span><span class=\"split-char char100\">s<\/span><\/span><\/span><\/span><span class=\"split-word word2\"><span class=\"split-word-flow\"><span class=\"split-word-inner split-empty-inner\"><span class=\"split-word-empty\">&nbsp;<\/span><span class=\"split-char char275\">s<\/span><span class=\"split-char char276\">u<\/span><span class=\"split-char char277\">r<\/span><\/span><\/span><\/span><span class=\"split-word word3\"><span class=\"split-word-flow\"><span class=\"split-word-inner split-empty-inner\"><span class=\"split-word-empty\">&nbsp;<\/span><span class=\"split-char char452\">m<\/span><span class=\"split-char char453\">e<\/span><span class=\"split-char char454\">s<\/span><span class=\"split-char char455\">u<\/span><span class=\"split-char char456\">r<\/span><span class=\"split-char char457\">e<\/span><\/span><\/span><\/span><span class=\"split-word uncode-rotating-span uncode-rotating-text-end\">&nbsp;<\/span><\/span>[\/vc_custom_heading][\/vc_column][\/vc_row][vc_row unlock_row_content=\u00a0\u00bbyes\u00a0\u00bb row_height_percent=\u00a0\u00bb0&Prime; override_padding=\u00a0\u00bbyes\u00a0\u00bb h_padding=\u00a0\u00bb0&Prime; top_padding=\u00a0\u00bb0&Prime; bottom_padding=\u00a0\u00bb0&Prime; overlay_alpha=\u00a0\u00bb0&Prime; gutter_size=\u00a0\u00bb100&Prime; column_width_percent=\u00a0\u00bb100&Prime; shift_y=\u00a0\u00bb0&Prime; z_index=\u00a0\u00bb0&Prime; style=\u00a0\u00bbdark\u00a0\u00bb][vc_column column_width_percent=\u00a0\u00bb100&Prime; gutter_size=\u00a0\u00bb3&Prime; font_family=\u00a0\u00bbfont-136269&Prime; overlay_alpha=\u00a0\u00bb50&Prime; shift_x=\u00a0\u00bb0&Prime; shift_y=\u00a0\u00bb0&Prime; shift_y_down=\u00a0\u00bb0&Prime; z_index=\u00a0\u00bb0&Prime; medium_width=\u00a0\u00bb0&Prime; mobile_width=\u00a0\u00bb0&Prime; width=\u00a0\u00bb1\/1&Prime; uncode_shortcode_id=\u00a0\u00bb153512&Prime;][uncode_index el_id=\u00a0\u00bbindex-1-719&Prime; loop=\u00a0\u00bbsize:12|order_by:date|order:DESC|post_type:portfolio|tax_query:63,61,57|taxonomy_count:12&Prime; index_back_color=\u00a0\u00bbcolor-rgdb\u00a0\u00bb screen_lg=\u00a0\u00bb1000&Prime; screen_md=\u00a0\u00bb600&Prime; screen_sm=\u00a0\u00bb600&Prime; filtering=\u00a0\u00bbyes\u00a0\u00bb filter_style=\u00a0\u00bbdark\u00a0\u00bb filtering_uppercase=\u00a0\u00bbyes\u00a0\u00bb filter_back_color=\u00a0\u00bbcolor-jevc\u00a0\u00bb filtering_full_width=\u00a0\u00bbyes\u00a0\u00bb filter_sticky=\u00a0\u00bbyes\u00a0\u00bb filter_all_opposite=\u00a0\u00bbyes\u00a0\u00bb gutter_size=\u00a0\u00bb0&Prime; post_items=\u00a0\u00bbtitle,media,text,link,author,date,category,extra\u00a0\u00bb page_items=\u00a0\u00bbtitle,media,text,category\u00a0\u00bb product_items=\u00a0\u00bbtitle,media,text,category,price\u00a0\u00bb portfolio_items=\u00a0\u00bbmedia|featured|onpost|original\u00a0\u00bb single_text=\u00a0\u00bboverlay\u00a0\u00bb single_style=\u00a0\u00bbdark\u00a0\u00bb single_overlay_opacity=\u00a0\u00bb24&Prime; single_overlay_anim=\u00a0\u00bbno\u00a0\u00bb single_text_visible=\u00a0\u00bbyes\u00a0\u00bb single_image_magnetic=\u00a0\u00bbyes\u00a0\u00bb single_h_align=\u00a0\u00bbcenter\u00a0\u00bb single_reduced=\u00a0\u00bbthree_quarter\u00a0\u00bb single_reduced_mobile=\u00a0\u00bbyes\u00a0\u00bb single_h_position=\u00a0\u00bbcenter\u00a0\u00bb single_padding=\u00a0\u00bb2&Prime; single_text_reduced=\u00a0\u00bbyes\u00a0\u00bb single_border=\u00a0\u00bbyes\u00a0\u00bb single_css_animation=\u00a0\u00bbbottom-t-top\u00a0\u00bb single_animation_speed=\u00a0\u00bb1000&Prime; single_animation_delay=\u00a0\u00bb200&Prime; custom_order=\u00a0\u00bbyes\u00a0\u00bb custom_cursor=\u00a0\u00bbdark\u00a0\u00bb single_block_click=\u00a0\u00bbyes\u00a0\u00bb single_text_hover=\u00a0\u00bbyes\u00a0\u00bb single_no_background=\u00a0\u00bb\u00a0\u00bb single_title_uppercase=\u00a0\u00bb\u00a0\u00bb single_title_serif=\u00a0\u00bb\u00a0\u00bb single_title_divider=\u00a0\u00bb\u00a0\u00bb single_title_bold=\u00a0\u00bb\u00a0\u00bb single_half_padding=\u00a0\u00bb\u00a0\u00bb footer_position=\u00a0\u00bbleft\u00a0\u00bb carousel_rtl=\u00a0\u00bb\u00a0\u00bb filtering_transform=\u00a0\u00bb\u00a0\u00bb single_icon=\u00a0\u00bbfa fa-plus2&Prime; uncode_shortcode_id=\u00a0\u00bb134299&Prime; index_back_color_type=\u00a0\u00bbuncode-palette\u00a0\u00bb order_ids=\u00a0\u00bb121520,121486,121070,121506,119730,121494,119087,119727,119729,119728,119083,119723&Prime; filter_back_color_type=\u00a0\u00bbuncode-palette\u00a0\u00bb filter_all_text=\u00a0\u00bbALL PROJECTS\u00a0\u00bb][\/vc_column][\/vc_row]<\/p>\n<\/div>","protected":false},"excerpt":{"rendered":"<p>Portefeuille Nectar | Vitrine de l\u2019image de marque et de la conception de sites Web<\/p>\n","protected":false},"author":4,"featured_media":118880,"parent":0,"menu_order":0,"comment_status":"closed","ping_status":"closed","template":"","meta":{"content-type":"","footnotes":""},"class_list":["post-122090","page","type-page","status-publish","has-post-thumbnail","hentry","page_category-agence","page_category-le-portefeuille"],"aioseo_notices":[],"_links":{"self":[{"href":"https:\/\/nectardesign.io\/fr\/wp-json\/wp\/v2\/pages\/122090","targetHints":{"allow":["GET"]}}],"collection":[{"href":"https:\/\/nectardesign.io\/fr\/wp-json\/wp\/v2\/pages"}],"about":[{"href":"https:\/\/nectardesign.io\/fr\/wp-json\/wp\/v2\/types\/page"}],"author":[{"embeddable":true,"href":"https:\/\/nectardesign.io\/fr\/wp-json\/wp\/v2\/users\/4"}],"replies":[{"embeddable":true,"href":"https:\/\/nectardesign.io\/fr\/wp-json\/wp\/v2\/comments?post=122090"}],"version-history":[{"count":3,"href":"https:\/\/nectardesign.io\/fr\/wp-json\/wp\/v2\/pages\/122090\/revisions"}],"predecessor-version":[{"id":123590,"href":"https:\/\/nectardesign.io\/fr\/wp-json\/wp\/v2\/pages\/122090\/revisions\/123590"}],"wp:featuredmedia":[{"embeddable":true,"href":"https:\/\/nectardesign.io\/fr\/wp-json\/wp\/v2\/media\/118880"}],"wp:attachment":[{"href":"https:\/\/nectardesign.io\/fr\/wp-json\/wp\/v2\/media?parent=122090"}],"curies":[{"name":"wp","href":"https:\/\/api.w.org\/{rel}","templated":true}]}}